{"id":2377,"date":"2023-05-23T21:23:25","date_gmt":"2023-05-23T21:23:25","guid":{"rendered":"https:\/\/de.alertenterprise.com\/?page_id=2377"},"modified":"2025-01-13T12:33:59","modified_gmt":"2025-01-13T12:33:59","slug":"white-papers-all","status":"publish","type":"page","link":"https:\/\/de.alertenterprise.com\/de\/resource-center\/white-papers-all\/","title":{"rendered":"Whitepaper - Alle"},"content":{"rendered":"<div data-elementor-type=\"wp-page\" data-elementor-id=\"2377\" class=\"elementor elementor-2377\" data-elementor-post-type=\"page\">\n\t\t\t\t\t\t<section data-particle_enable=\"false\" data-particle-mobile-disabled=\"false\" data-dce-background-image-url=\"https:\/\/alertenterprise.com\/wp-content\/uploads\/2023\/09\/home-hero-mask-3.svg\" class=\"elementor-section elementor-top-section elementor-element elementor-element-2585192d elementor-section-height-min-height elementor-section-boxed elementor-section-height-default elementor-section-items-middle\" data-id=\"2585192d\" data-element_type=\"section\" data-e-type=\"section\" id=\"hero-anchor\" data-settings=\"{&quot;background_background&quot;:&quot;classic&quot;}\">\n\t\t\t\t\t\t\t<div class=\"elementor-background-overlay\"><\/div>\n\t\t\t\t\t\t\t<div class=\"elementor-container elementor-column-gap-default\">\n\t\t\t\t\t<div class=\"elementor-column elementor-col-100 elementor-top-column elementor-element elementor-element-33b16b64\" data-id=\"33b16b64\" data-element_type=\"column\" data-e-type=\"column\">\n\t\t\t<div class=\"elementor-widget-wrap elementor-element-populated\">\n\t\t\t\t\t\t<section data-particle_enable=\"false\" data-particle-mobile-disabled=\"false\" class=\"elementor-section elementor-inner-section elementor-element elementor-element-6a530f38 elementor-section-boxed elementor-section-height-default elementor-section-height-default\" data-id=\"6a530f38\" data-element_type=\"section\" data-e-type=\"section\">\n\t\t\t\t\t\t<div class=\"elementor-container elementor-column-gap-default\">\n\t\t\t\t\t<div class=\"elementor-column elementor-col-100 elementor-inner-column elementor-element elementor-element-57bd2400 button-group\" data-id=\"57bd2400\" data-element_type=\"column\" data-e-type=\"column\">\n\t\t\t<div class=\"elementor-widget-wrap elementor-element-populated\">\n\t\t\t\t\t\t<div class=\"elementor-element elementor-element-14129aa5 elementor-widget elementor-widget-heading\" data-id=\"14129aa5\" data-element_type=\"widget\" data-e-type=\"widget\" data-widget_type=\"heading.default\">\n\t\t\t\t<div class=\"elementor-widget-container\">\n\t\t\t\t\t<h2 class=\"elementor-heading-title elementor-size-default\">Archiv: Alle White Papers<\/h2>\t\t\t\t<\/div>\n\t\t\t\t<\/div>\n\t\t\t\t\t<\/div>\n\t\t<\/div>\n\t\t\t\t\t<\/div>\n\t\t<\/section>\n\t\t\t\t\t<\/div>\n\t\t<\/div>\n\t\t\t\t\t<\/div>\n\t\t<\/section>\n\t\t\t\t<section data-particle_enable=\"false\" data-particle-mobile-disabled=\"false\" class=\"elementor-section elementor-top-section elementor-element elementor-element-3c659061 elementor-section-full_width gradient-bar elementor-section-content-top elementor-section-height-default elementor-section-height-default\" data-id=\"3c659061\" data-element_type=\"section\" data-e-type=\"section\">\n\t\t\t\t\t\t<div class=\"elementor-container elementor-column-gap-no\">\n\t\t\t\t\t<div class=\"elementor-column elementor-col-100 elementor-top-column elementor-element elementor-element-4ce251f\" data-id=\"4ce251f\" data-element_type=\"column\" data-e-type=\"column\">\n\t\t\t<div class=\"elementor-widget-wrap elementor-element-populated\">\n\t\t\t\t\t\t<div class=\"elementor-element elementor-element-32f79061 gradient-bar elementor-align-center elementor-widget elementor-widget-lottie\" data-id=\"32f79061\" data-element_type=\"widget\" data-e-type=\"widget\" data-settings=\"{&quot;source_json&quot;:{&quot;url&quot;:&quot;http:\\\/\\\/alertenterprise.com\\\/\\\/wp-content\\\/uploads\\\/2022\\\/03\\\/Bar-Render.json&quot;,&quot;id&quot;:880,&quot;size&quot;:&quot;&quot;,&quot;alt&quot;:&quot;&quot;,&quot;source&quot;:&quot;library&quot;},&quot;trigger&quot;:&quot;none&quot;,&quot;loop&quot;:&quot;yes&quot;,&quot;source&quot;:&quot;media_file&quot;,&quot;caption_source&quot;:&quot;none&quot;,&quot;link_to&quot;:&quot;none&quot;,&quot;play_speed&quot;:{&quot;unit&quot;:&quot;px&quot;,&quot;size&quot;:1,&quot;sizes&quot;:[]},&quot;start_point&quot;:{&quot;unit&quot;:&quot;%&quot;,&quot;size&quot;:0,&quot;sizes&quot;:[]},&quot;end_point&quot;:{&quot;unit&quot;:&quot;%&quot;,&quot;size&quot;:100,&quot;sizes&quot;:[]},&quot;renderer&quot;:&quot;svg&quot;}\" data-widget_type=\"lottie.default\">\n\t\t\t\t<div class=\"elementor-widget-container\">\n\t\t\t\t\t<div class=\"e-lottie__container\"><div class=\"e-lottie__animation\"><\/div><\/div>\t\t\t\t<\/div>\n\t\t\t\t<\/div>\n\t\t\t\t\t<\/div>\n\t\t<\/div>\n\t\t\t\t\t<\/div>\n\t\t<\/section>\n\t\t\t\t<section data-particle_enable=\"false\" data-particle-mobile-disabled=\"false\" class=\"elementor-section elementor-top-section elementor-element elementor-element-2236a25d elementor-section-boxed elementor-section-height-default elementor-section-height-default\" data-id=\"2236a25d\" data-element_type=\"section\" data-e-type=\"section\">\n\t\t\t\t\t\t<div class=\"elementor-container elementor-column-gap-default\">\n\t\t\t\t\t<div class=\"elementor-column elementor-col-100 elementor-top-column elementor-element elementor-element-4780478f\" data-id=\"4780478f\" data-element_type=\"column\" data-e-type=\"column\">\n\t\t\t<div class=\"elementor-widget-wrap elementor-element-populated\">\n\t\t\t\t\t\t<div class=\"elementor-element elementor-element-5e2a5081 archive-posts-grid elementor-grid-3 elementor-grid-tablet-2 elementor-grid-mobile-1 elementor-posts--thumbnail-top elementor-widget elementor-widget-posts\" data-id=\"5e2a5081\" data-element_type=\"widget\" data-e-type=\"widget\" data-settings=\"{&quot;pagination_type&quot;:&quot;numbers&quot;,&quot;classic_columns&quot;:&quot;3&quot;,&quot;classic_columns_tablet&quot;:&quot;2&quot;,&quot;classic_columns_mobile&quot;:&quot;1&quot;,&quot;classic_row_gap&quot;:{&quot;unit&quot;:&quot;px&quot;,&quot;size&quot;:35,&quot;sizes&quot;:[]},&quot;classic_row_gap_laptop&quot;:{&quot;unit&quot;:&quot;px&quot;,&quot;size&quot;:&quot;&quot;,&quot;sizes&quot;:[]},&quot;classic_row_gap_tablet_extra&quot;:{&quot;unit&quot;:&quot;px&quot;,&quot;size&quot;:&quot;&quot;,&quot;sizes&quot;:[]},&quot;classic_row_gap_tablet&quot;:{&quot;unit&quot;:&quot;px&quot;,&quot;size&quot;:&quot;&quot;,&quot;sizes&quot;:[]},&quot;classic_row_gap_mobile&quot;:{&quot;unit&quot;:&quot;px&quot;,&quot;size&quot;:&quot;&quot;,&quot;sizes&quot;:[]}}\" data-widget_type=\"posts.classic\">\n\t\t\t\t<div class=\"elementor-widget-container\">\n\t\t\t\t\t\t\t<div class=\"elementor-posts-container elementor-posts elementor-posts--skin-classic elementor-grid\" role=\"list\">\n\t\t\t\t<article class=\"elementor-post elementor-grid-item post-2725 white-paper type-white-paper status-publish has-post-thumbnail hentry\" role=\"listitem\">\n\t\t\t\t<a class=\"elementor-post__thumbnail__link\" href=\"https:\/\/de.alertenterprise.com\/de\/blog\/white-paper\/ae-hr-pacs-integration\/\" tabindex=\"-1\" >\n\t\t\t<div class=\"elementor-post__thumbnail\"><img fetchpriority=\"high\" decoding=\"async\" width=\"800\" height=\"534\" src=\"https:\/\/de.alertenterprise.com\/wp-content\/uploads\/sites\/4\/2023\/10\/GettyImages-1434212178-1024x683.jpg\" class=\"attachment-large size-large wp-image-13876\" alt=\"\" srcset=\"https:\/\/de.alertenterprise.com\/wp-content\/uploads\/sites\/4\/2023\/10\/GettyImages-1434212178-1024x683.jpg 1024w, https:\/\/de.alertenterprise.com\/wp-content\/uploads\/sites\/4\/2023\/10\/GettyImages-1434212178-300x200.jpg 300w, https:\/\/de.alertenterprise.com\/wp-content\/uploads\/sites\/4\/2023\/10\/GettyImages-1434212178-768x512.jpg 768w, https:\/\/de.alertenterprise.com\/wp-content\/uploads\/sites\/4\/2023\/10\/GettyImages-1434212178-1536x1024.jpg 1536w, https:\/\/de.alertenterprise.com\/wp-content\/uploads\/sites\/4\/2023\/10\/GettyImages-1434212178-2048x1365.jpg 2048w, https:\/\/de.alertenterprise.com\/wp-content\/uploads\/sites\/4\/2023\/10\/GettyImages-1434212178-18x12.jpg 18w\" sizes=\"(max-width: 800px) 100vw, 800px\" \/><\/div>\n\t\t<\/a>\n\t\t\t\t<div class=\"elementor-post__text\">\n\t\t\t\t<h3 class=\"elementor-post__title\">\n\t\t\t<a href=\"https:\/\/de.alertenterprise.com\/de\/blog\/white-paper\/ae-hr-pacs-integration\/\" >\n\t\t\t\tAE Integration von PACS-Systemen f\u00fcr das Personalwesen\t\t\t<\/a>\n\t\t<\/h3>\n\t\t\t\t<div class=\"elementor-post__excerpt\">\n\t\t\t<p>Warum eine HR-PACS-Integration allein nicht ausreicht Viele Unternehmen<\/p>\n\t\t<\/div>\n\t\t\n\t\t<a class=\"elementor-post__read-more\" href=\"https:\/\/de.alertenterprise.com\/de\/blog\/white-paper\/ae-hr-pacs-integration\/\" aria-label=\"Mehr \u00fcber AE Integration von PACS-Systemen f\u00fcr das Personalwesen\" tabindex=\"-1\" >\n\t\t\tWeitere Informationen\t\t<\/a>\n\n\t\t\t\t<\/div>\n\t\t\t\t<\/article>\n\t\t\t\t<article class=\"elementor-post elementor-grid-item post-2731 white-paper type-white-paper status-publish has-post-thumbnail hentry\" role=\"listitem\">\n\t\t\t\t<a class=\"elementor-post__thumbnail__link\" href=\"https:\/\/de.alertenterprise.com\/de\/blog\/white-paper\/security-as-the-new-business-enabler\/\" tabindex=\"-1\" >\n\t\t\t<div class=\"elementor-post__thumbnail\"><img decoding=\"async\" width=\"800\" height=\"479\" src=\"https:\/\/de.alertenterprise.com\/wp-content\/uploads\/sites\/4\/2022\/03\/sec-business-enabler-2-1024x613.jpg\" class=\"attachment-large size-large wp-image-13879\" alt=\"\" srcset=\"https:\/\/de.alertenterprise.com\/wp-content\/uploads\/sites\/4\/2022\/03\/sec-business-enabler-2-1024x613.jpg 1024w, https:\/\/de.alertenterprise.com\/wp-content\/uploads\/sites\/4\/2022\/03\/sec-business-enabler-2-300x180.jpg 300w, https:\/\/de.alertenterprise.com\/wp-content\/uploads\/sites\/4\/2022\/03\/sec-business-enabler-2-768x460.jpg 768w, https:\/\/de.alertenterprise.com\/wp-content\/uploads\/sites\/4\/2022\/03\/sec-business-enabler-2-1536x920.jpg 1536w, https:\/\/de.alertenterprise.com\/wp-content\/uploads\/sites\/4\/2022\/03\/sec-business-enabler-2-18x12.jpg 18w, https:\/\/de.alertenterprise.com\/wp-content\/uploads\/sites\/4\/2022\/03\/sec-business-enabler-2.jpg 1672w\" sizes=\"(max-width: 800px) 100vw, 800px\" \/><\/div>\n\t\t<\/a>\n\t\t\t\t<div class=\"elementor-post__text\">\n\t\t\t\t<h3 class=\"elementor-post__title\">\n\t\t\t<a href=\"https:\/\/de.alertenterprise.com\/de\/blog\/white-paper\/security-as-the-new-business-enabler\/\" >\n\t\t\t\tSicherheit als neuer Gesch\u00e4ftstreiber.\t\t\t<\/a>\n\t\t<\/h3>\n\t\t\t\t<div class=\"elementor-post__excerpt\">\n\t\t\t<p>Da die digitale Technologie die Wirtschaftlichkeit und die M\u00f6glichkeiten der<\/p>\n\t\t<\/div>\n\t\t\n\t\t<a class=\"elementor-post__read-more\" href=\"https:\/\/de.alertenterprise.com\/de\/blog\/white-paper\/security-as-the-new-business-enabler\/\" aria-label=\"Mehr \u00fcber Sicherheit als neuer Gesch\u00e4ftstreiber.\" tabindex=\"-1\" >\n\t\t\tWeitere Informationen\t\t<\/a>\n\n\t\t\t\t<\/div>\n\t\t\t\t<\/article>\n\t\t\t\t<article class=\"elementor-post elementor-grid-item post-2734 white-paper type-white-paper status-publish has-post-thumbnail hentry\" role=\"listitem\">\n\t\t\t\t<a class=\"elementor-post__thumbnail__link\" href=\"https:\/\/de.alertenterprise.com\/de\/blog\/white-paper\/how-a-major-utility-company-achieved-zero-compliance-violations\/\" tabindex=\"-1\" >\n\t\t\t<div class=\"elementor-post__thumbnail\"><img decoding=\"async\" width=\"800\" height=\"300\" src=\"https:\/\/de.alertenterprise.com\/wp-content\/uploads\/sites\/4\/2019\/12\/ae-casestudy-hero-utility-of-the-future-1024x384.jpg\" class=\"attachment-large size-large wp-image-2098\" alt=\"\" srcset=\"https:\/\/de.alertenterprise.com\/wp-content\/uploads\/sites\/4\/2019\/12\/ae-casestudy-hero-utility-of-the-future-1024x384.jpg 1024w, https:\/\/de.alertenterprise.com\/wp-content\/uploads\/sites\/4\/2019\/12\/ae-casestudy-hero-utility-of-the-future-300x113.jpg 300w, https:\/\/de.alertenterprise.com\/wp-content\/uploads\/sites\/4\/2019\/12\/ae-casestudy-hero-utility-of-the-future-768x288.jpg 768w, https:\/\/de.alertenterprise.com\/wp-content\/uploads\/sites\/4\/2019\/12\/ae-casestudy-hero-utility-of-the-future-1536x576.jpg 1536w, https:\/\/de.alertenterprise.com\/wp-content\/uploads\/sites\/4\/2019\/12\/ae-casestudy-hero-utility-of-the-future-2048x768.jpg 2048w\" sizes=\"(max-width: 800px) 100vw, 800px\" \/><\/div>\n\t\t<\/a>\n\t\t\t\t<div class=\"elementor-post__text\">\n\t\t\t\t<h3 class=\"elementor-post__title\">\n\t\t\t<a href=\"https:\/\/de.alertenterprise.com\/de\/blog\/white-paper\/how-a-major-utility-company-achieved-zero-compliance-violations\/\" >\n\t\t\t\tWie ein gro\u00dfes Energieversorgungsunternehmen hat es geschafft, gegen keine Vorschriften zu versto\u00dfen.\t\t\t<\/a>\n\t\t<\/h3>\n\t\t\t\t<div class=\"elementor-post__excerpt\">\n\t\t\t<p>Kombinierte Sicherheitssysteme f\u00fcr IT, OT und physische Sicherheit zur Einhaltung<\/p>\n\t\t<\/div>\n\t\t\n\t\t<a class=\"elementor-post__read-more\" href=\"https:\/\/de.alertenterprise.com\/de\/blog\/white-paper\/how-a-major-utility-company-achieved-zero-compliance-violations\/\" aria-label=\"Mehr \u00fcber Wie ein gro\u00dfes Energieversorgungsunternehmen es schaffte, gegen keine Vorschriften zu versto\u00dfen.\" tabindex=\"-1\" >\n\t\t\tWeitere Informationen\t\t<\/a>\n\n\t\t\t\t<\/div>\n\t\t\t\t<\/article>\n\t\t\t\t<article class=\"elementor-post elementor-grid-item post-2737 white-paper type-white-paper status-publish has-post-thumbnail hentry\" role=\"listitem\">\n\t\t\t\t<a class=\"elementor-post__thumbnail__link\" href=\"https:\/\/de.alertenterprise.com\/de\/blog\/white-paper\/cyber-physical-security-convergence\/\" tabindex=\"-1\" >\n\t\t\t<div class=\"elementor-post__thumbnail\"><img loading=\"lazy\" decoding=\"async\" width=\"800\" height=\"400\" src=\"https:\/\/de.alertenterprise.com\/wp-content\/uploads\/sites\/4\/2020\/06\/Solution-Cyber-Physical-pg.jpg\" class=\"attachment-large size-large wp-image-2101\" alt=\"\" srcset=\"https:\/\/de.alertenterprise.com\/wp-content\/uploads\/sites\/4\/2020\/06\/Solution-Cyber-Physical-pg.jpg 1024w, https:\/\/de.alertenterprise.com\/wp-content\/uploads\/sites\/4\/2020\/06\/Solution-Cyber-Physical-pg-300x150.jpg 300w, https:\/\/de.alertenterprise.com\/wp-content\/uploads\/sites\/4\/2020\/06\/Solution-Cyber-Physical-pg-768x384.jpg 768w\" sizes=\"(max-width: 800px) 100vw, 800px\" \/><\/div>\n\t\t<\/a>\n\t\t\t\t<div class=\"elementor-post__text\">\n\t\t\t\t<h3 class=\"elementor-post__title\">\n\t\t\t<a href=\"https:\/\/de.alertenterprise.com\/de\/blog\/white-paper\/cyber-physical-security-convergence\/\" >\n\t\t\t\tKombinierte Sicherheitssysteme f\u00fcr den Cyber-Bereich und physischen Bereich.\t\t\t<\/a>\n\t\t<\/h3>\n\t\t\t\t<div class=\"elementor-post__excerpt\">\n\t\t\t<p>So sieht es tats\u00e4chlich aus: Organisation gibt Millionen von Dollar<\/p>\n\t\t<\/div>\n\t\t\n\t\t<a class=\"elementor-post__read-more\" href=\"https:\/\/de.alertenterprise.com\/de\/blog\/white-paper\/cyber-physical-security-convergence\/\" aria-label=\"Mehr \u00fcber Kombinierte Sicherheitssysteme f\u00fcr den Cyber-Bereich und physischen Bereich.\" tabindex=\"-1\" >\n\t\t\tWeitere Informationen\t\t<\/a>\n\n\t\t\t\t<\/div>\n\t\t\t\t<\/article>\n\t\t\t\t<\/div>\n\t\t\n\t\t\t\t\t\t<\/div>\n\t\t\t\t<\/div>\n\t\t\t\t\t<\/div>\n\t\t<\/div>\n\t\t\t\t\t<\/div>\n\t\t<\/section>\n\t\t\t\t<section data-particle_enable=\"false\" data-particle-mobile-disabled=\"false\" class=\"elementor-section elementor-top-section elementor-element elementor-element-6c5d628b elementor-section-boxed elementor-section-height-default elementor-section-height-default\" data-id=\"6c5d628b\" data-element_type=\"section\" data-e-type=\"section\">\n\t\t\t\t\t\t<div class=\"elementor-container elementor-column-gap-default\">\n\t\t\t\t\t<div class=\"elementor-column elementor-col-100 elementor-top-column elementor-element elementor-element-22582ced\" data-id=\"22582ced\" data-element_type=\"column\" data-e-type=\"column\">\n\t\t\t<div class=\"elementor-widget-wrap\">\n\t\t\t\t\t\t\t<\/div>\n\t\t<\/div>\n\t\t\t\t\t<\/div>\n\t\t<\/section>\n\t\t\t\t<\/div>","protected":false},"excerpt":{"rendered":"<p>Archiv: Alle White Papers<\/p>","protected":false},"author":12,"featured_media":0,"parent":1102,"menu_order":0,"comment_status":"closed","ping_status":"closed","template":"","meta":{"_acf_changed":false,"footnotes":""},"class_list":["post-2377","page","type-page","status-publish","hentry"],"acf":[],"yoast_head":"<!-- This site is optimized with the Yoast SEO plugin v27.3 - https:\/\/yoast.com\/product\/yoast-seo-wordpress\/ -->\n<title>Whitepaper \u2013 Alle - AlertEnterpise-de<\/title>\n<meta name=\"description\" content=\"Lesen Sie unsere umfassende Sammlung von Whitepaper mit aufschlussreichen Sicherheitsinformationen, eingehenden Analysen, Strategien und L\u00f6sungen.\" \/>\n<meta name=\"robots\" content=\"index, follow, max-snippet:-1, max-image-preview:large, max-video-preview:-1\" \/>\n<link rel=\"canonical\" href=\"https:\/\/de.alertenterprise.com\/de\/resource-center\/white-papers-all\/\" \/>\n<meta property=\"og:locale\" content=\"de_DE\" \/>\n<meta property=\"og:type\" content=\"article\" \/>\n<meta property=\"og:title\" content=\"Whitepaper \u2013 Alle - AlertEnterpise-de\" \/>\n<meta property=\"og:description\" content=\"Lesen Sie unsere umfassende Sammlung von Whitepaper mit aufschlussreichen Sicherheitsinformationen, eingehenden Analysen, Strategien und L\u00f6sungen.\" \/>\n<meta property=\"og:url\" content=\"https:\/\/de.alertenterprise.com\/de\/resource-center\/white-papers-all\/\" \/>\n<meta property=\"og:site_name\" content=\"AlertEnterpise-de\" \/>\n<meta property=\"article:modified_time\" content=\"2025-01-13T12:33:59+00:00\" \/>\n<meta name=\"twitter:card\" content=\"summary_large_image\" \/>\n<meta name=\"twitter:label1\" content=\"Gesch\u00e4tzte Lesezeit\" \/>\n\t<meta name=\"twitter:data1\" content=\"4\u00a0Minuten\" \/>\n<script type=\"application\/ld+json\" class=\"yoast-schema-graph\">{\"@context\":\"https:\\\/\\\/schema.org\",\"@graph\":[{\"@type\":\"WebPage\",\"@id\":\"https:\\\/\\\/de.alertenterprise.com\\\/de\\\/resource-center\\\/white-papers-all\\\/\",\"url\":\"https:\\\/\\\/de.alertenterprise.com\\\/de\\\/resource-center\\\/white-papers-all\\\/\",\"name\":\"Whitepaper \u2013 Alle - AlertEnterpise-de\",\"isPartOf\":{\"@id\":\"https:\\\/\\\/de.alertenterprise.com\\\/de\\\/#website\"},\"datePublished\":\"2023-05-23T21:23:25+00:00\",\"dateModified\":\"2025-01-13T12:33:59+00:00\",\"description\":\"Lesen Sie unsere umfassende Sammlung von Whitepaper mit aufschlussreichen Sicherheitsinformationen, eingehenden Analysen, Strategien und L\u00f6sungen.\",\"breadcrumb\":{\"@id\":\"https:\\\/\\\/de.alertenterprise.com\\\/de\\\/resource-center\\\/white-papers-all\\\/#breadcrumb\"},\"inLanguage\":\"de\",\"potentialAction\":[{\"@type\":\"ReadAction\",\"target\":[\"https:\\\/\\\/de.alertenterprise.com\\\/de\\\/resource-center\\\/white-papers-all\\\/\"]}]},{\"@type\":\"BreadcrumbList\",\"@id\":\"https:\\\/\\\/de.alertenterprise.com\\\/de\\\/resource-center\\\/white-papers-all\\\/#breadcrumb\",\"itemListElement\":[{\"@type\":\"ListItem\",\"position\":1,\"name\":\"Home\",\"item\":\"https:\\\/\\\/de.alertenterprise.com\\\/de\\\/\"},{\"@type\":\"ListItem\",\"position\":2,\"name\":\"Resource Center\",\"item\":\"https:\\\/\\\/de.alertenterprise.com\\\/de\\\/resource-center\\\/\"},{\"@type\":\"ListItem\",\"position\":3,\"name\":\"Whitepaper \u2013 Alle\"}]},{\"@type\":\"WebSite\",\"@id\":\"https:\\\/\\\/de.alertenterprise.com\\\/de\\\/#website\",\"url\":\"https:\\\/\\\/de.alertenterprise.com\\\/de\\\/\",\"name\":\"AlertEnterpise-de\",\"description\":\"\",\"publisher\":{\"@id\":\"https:\\\/\\\/de.alertenterprise.com\\\/de\\\/#organization\"},\"potentialAction\":[{\"@type\":\"SearchAction\",\"target\":{\"@type\":\"EntryPoint\",\"urlTemplate\":\"https:\\\/\\\/de.alertenterprise.com\\\/de\\\/?s={search_term_string}\"},\"query-input\":{\"@type\":\"PropertyValueSpecification\",\"valueRequired\":true,\"valueName\":\"search_term_string\"}}],\"inLanguage\":\"de\"},{\"@type\":\"Organization\",\"@id\":\"https:\\\/\\\/de.alertenterprise.com\\\/de\\\/#organization\",\"name\":\"AlertEnterpise-de\",\"url\":\"https:\\\/\\\/de.alertenterprise.com\\\/de\\\/\",\"logo\":{\"@type\":\"ImageObject\",\"inLanguage\":\"de\",\"@id\":\"https:\\\/\\\/de.alertenterprise.com\\\/de\\\/#\\\/schema\\\/logo\\\/image\\\/\",\"url\":\"https:\\\/\\\/de.alertenterprise.com\\\/wp-content\\\/uploads\\\/sites\\\/4\\\/2023\\\/09\\\/Black.svg\",\"contentUrl\":\"https:\\\/\\\/de.alertenterprise.com\\\/wp-content\\\/uploads\\\/sites\\\/4\\\/2023\\\/09\\\/Black.svg\",\"width\":467,\"height\":72,\"caption\":\"AlertEnterpise-de\"},\"image\":{\"@id\":\"https:\\\/\\\/de.alertenterprise.com\\\/de\\\/#\\\/schema\\\/logo\\\/image\\\/\"}}]}<\/script>\n<!-- \/ Yoast SEO plugin. -->","yoast_head_json":{"title":"Whitepaper \u2013 Alle - AlertEnterpise-de","description":"Lesen Sie unsere umfassende Sammlung von Whitepaper mit aufschlussreichen Sicherheitsinformationen, eingehenden Analysen, Strategien und L\u00f6sungen.","robots":{"index":"index","follow":"follow","max-snippet":"max-snippet:-1","max-image-preview":"max-image-preview:large","max-video-preview":"max-video-preview:-1"},"canonical":"https:\/\/de.alertenterprise.com\/de\/resource-center\/white-papers-all\/","og_locale":"de_DE","og_type":"article","og_title":"Whitepaper \u2013 Alle - AlertEnterpise-de","og_description":"Lesen Sie unsere umfassende Sammlung von Whitepaper mit aufschlussreichen Sicherheitsinformationen, eingehenden Analysen, Strategien und L\u00f6sungen.","og_url":"https:\/\/de.alertenterprise.com\/de\/resource-center\/white-papers-all\/","og_site_name":"AlertEnterpise-de","article_modified_time":"2025-01-13T12:33:59+00:00","twitter_card":"summary_large_image","twitter_misc":{"Gesch\u00e4tzte Lesezeit":"4\u00a0Minuten"},"schema":{"@context":"https:\/\/schema.org","@graph":[{"@type":"WebPage","@id":"https:\/\/de.alertenterprise.com\/de\/resource-center\/white-papers-all\/","url":"https:\/\/de.alertenterprise.com\/de\/resource-center\/white-papers-all\/","name":"Whitepaper \u2013 Alle - AlertEnterpise-de","isPartOf":{"@id":"https:\/\/de.alertenterprise.com\/de\/#website"},"datePublished":"2023-05-23T21:23:25+00:00","dateModified":"2025-01-13T12:33:59+00:00","description":"Lesen Sie unsere umfassende Sammlung von Whitepaper mit aufschlussreichen Sicherheitsinformationen, eingehenden Analysen, Strategien und L\u00f6sungen.","breadcrumb":{"@id":"https:\/\/de.alertenterprise.com\/de\/resource-center\/white-papers-all\/#breadcrumb"},"inLanguage":"de","potentialAction":[{"@type":"ReadAction","target":["https:\/\/de.alertenterprise.com\/de\/resource-center\/white-papers-all\/"]}]},{"@type":"BreadcrumbList","@id":"https:\/\/de.alertenterprise.com\/de\/resource-center\/white-papers-all\/#breadcrumb","itemListElement":[{"@type":"ListItem","position":1,"name":"Home","item":"https:\/\/de.alertenterprise.com\/de\/"},{"@type":"ListItem","position":2,"name":"Resource Center","item":"https:\/\/de.alertenterprise.com\/de\/resource-center\/"},{"@type":"ListItem","position":3,"name":"Whitepaper \u2013 Alle"}]},{"@type":"WebSite","@id":"https:\/\/de.alertenterprise.com\/de\/#website","url":"https:\/\/de.alertenterprise.com\/de\/","name":"AlertEnterpise-de","description":"","publisher":{"@id":"https:\/\/de.alertenterprise.com\/de\/#organization"},"potentialAction":[{"@type":"SearchAction","target":{"@type":"EntryPoint","urlTemplate":"https:\/\/de.alertenterprise.com\/de\/?s={search_term_string}"},"query-input":{"@type":"PropertyValueSpecification","valueRequired":true,"valueName":"search_term_string"}}],"inLanguage":"de"},{"@type":"Organization","@id":"https:\/\/de.alertenterprise.com\/de\/#organization","name":"AlertEnterpise-de","url":"https:\/\/de.alertenterprise.com\/de\/","logo":{"@type":"ImageObject","inLanguage":"de","@id":"https:\/\/de.alertenterprise.com\/de\/#\/schema\/logo\/image\/","url":"https:\/\/de.alertenterprise.com\/wp-content\/uploads\/sites\/4\/2023\/09\/Black.svg","contentUrl":"https:\/\/de.alertenterprise.com\/wp-content\/uploads\/sites\/4\/2023\/09\/Black.svg","width":467,"height":72,"caption":"AlertEnterpise-de"},"image":{"@id":"https:\/\/de.alertenterprise.com\/de\/#\/schema\/logo\/image\/"}}]}},"_links":{"self":[{"href":"https:\/\/de.alertenterprise.com\/de\/wp-json\/wp\/v2\/pages\/2377","targetHints":{"allow":["GET"]}}],"collection":[{"href":"https:\/\/de.alertenterprise.com\/de\/wp-json\/wp\/v2\/pages"}],"about":[{"href":"https:\/\/de.alertenterprise.com\/de\/wp-json\/wp\/v2\/types\/page"}],"author":[{"embeddable":true,"href":"https:\/\/de.alertenterprise.com\/de\/wp-json\/wp\/v2\/users\/12"}],"replies":[{"embeddable":true,"href":"https:\/\/de.alertenterprise.com\/de\/wp-json\/wp\/v2\/comments?post=2377"}],"version-history":[{"count":5,"href":"https:\/\/de.alertenterprise.com\/de\/wp-json\/wp\/v2\/pages\/2377\/revisions"}],"predecessor-version":[{"id":9319,"href":"https:\/\/de.alertenterprise.com\/de\/wp-json\/wp\/v2\/pages\/2377\/revisions\/9319"}],"up":[{"embeddable":true,"href":"https:\/\/de.alertenterprise.com\/de\/wp-json\/wp\/v2\/pages\/1102"}],"wp:attachment":[{"href":"https:\/\/de.alertenterprise.com\/de\/wp-json\/wp\/v2\/media?parent=2377"}],"curies":[{"name":"wp","href":"https:\/\/api.w.org\/{rel}","templated":true}]}}