{"id":9916,"date":"2024-04-16T15:44:00","date_gmt":"2024-04-16T15:44:00","guid":{"rendered":"https:\/\/de.alertenterprise.com\/?page_id=9916"},"modified":"2025-01-13T12:34:00","modified_gmt":"2025-01-13T12:34:00","slug":"safetrust","status":"publish","type":"page","link":"https:\/\/de.alertenterprise.com\/de\/partners\/safetrust\/","title":{"rendered":"Safetrust"},"content":{"rendered":"<div data-elementor-type=\"wp-page\" data-elementor-id=\"9916\" class=\"elementor elementor-9916\" data-elementor-post-type=\"page\">\n\t\t\t\t<div data-particle_enable=\"false\" data-particle-mobile-disabled=\"false\" data-dce-background-image-url=\"https:\/\/de.alertenterprise.com\/wp-content\/uploads\/sites\/4\/2024\/02\/Screenshot-2023-08-27-at-10.37.30-PM.png\" class=\"elementor-element elementor-element-3067f69c e-grid e-con-boxed e-con e-parent\" data-id=\"3067f69c\" data-element_type=\"container\" data-settings=\"{&quot;background_background&quot;:&quot;classic&quot;}\">\n\t\t\t\t\t<div class=\"e-con-inner\">\n\t\t<div data-particle_enable=\"false\" data-particle-mobile-disabled=\"false\" data-dce-background-image-url=\"https:\/\/de.alertenterprise.com\/wp-content\/uploads\/sites\/4\/2024\/04\/Safetrust_MainImg.png\" class=\"elementor-element elementor-element-3c3a085a e-flex e-con-boxed e-con e-child\" data-id=\"3c3a085a\" data-element_type=\"container\" data-settings=\"{&quot;background_background&quot;:&quot;classic&quot;}\">\n\t\t\t\t\t<div class=\"e-con-inner\">\n\t\t\t\t\t<\/div>\n\t\t\t\t<\/div>\n\t\t<div data-particle_enable=\"false\" data-particle-mobile-disabled=\"false\" class=\"elementor-element elementor-element-6e746e99 e-flex e-con-boxed e-con e-child\" data-id=\"6e746e99\" data-element_type=\"container\">\n\t\t\t\t\t<div class=\"e-con-inner\">\n\t\t\t\t<div class=\"elementor-element elementor-element-3649b7a5 elementor-widget elementor-widget-heading\" data-id=\"3649b7a5\" data-element_type=\"widget\" data-widget_type=\"heading.default\">\n\t\t\t\t<div class=\"elementor-widget-container\">\n\t\t\t\t\t<h2 class=\"elementor-heading-title elementor-size-default\">Der Einsatz von Mitarbeiterausweisen war noch nie\neinfacher gewesen.<\/h2>\t\t\t\t<\/div>\n\t\t\t\t<\/div>\n\t\t\t\t<div class=\"elementor-element elementor-element-1deafcd3 elementor-widget elementor-widget-text-editor\" data-id=\"1deafcd3\" data-element_type=\"widget\" data-widget_type=\"text-editor.default\">\n\t\t\t\t<div class=\"elementor-widget-container\">\n\t\t\t\t\t\t\t\t\tUnsere nahtlose Integration in Apple und Google Wallet macht den Einsatz von Mitarbeiterausweisen so einfach wie nie zuvor. Das Hinzuf\u00fcgen Ihres Ausweises zur Brieftasche Ihrer Wahl ist einfach und erm\u00f6glicht Benutzern den Zugang zu T\u00fcren, sicheren Druckern, Verkaufsautomaten und anderen Einrichtungen.\t\t\t\t\t\t\t\t<\/div>\n\t\t\t\t<\/div>\n\t\t\t\t<div class=\"elementor-element elementor-element-52e853e9 elementor-widget elementor-widget-button\" data-id=\"52e853e9\" data-element_type=\"widget\" data-widget_type=\"button.default\">\n\t\t\t\t<div class=\"elementor-widget-container\">\n\t\t\t\t\t\t\t\t\t<div class=\"elementor-button-wrapper\">\n\t\t\t\t\t<a class=\"elementor-button elementor-button-link elementor-size-sm\" href=\"\/de\/nfcmc\/\">\n\t\t\t\t\t\t<span class=\"elementor-button-content-wrapper\">\n\t\t\t\t\t\t\t\t\t<span class=\"elementor-button-text\">Mehr lesen<\/span>\n\t\t\t\t\t<\/span>\n\t\t\t\t\t<\/a>\n\t\t\t\t<\/div>\n\t\t\t\t\t\t\t\t<\/div>\n\t\t\t\t<\/div>\n\t\t\t\t\t<\/div>\n\t\t\t\t<\/div>\n\t\t\t\t\t<\/div>\n\t\t\t\t<\/div>\n\t\t<div data-particle_enable=\"false\" data-particle-mobile-disabled=\"false\" class=\"elementor-element elementor-element-62e9e97b e-grid e-con-boxed e-con e-parent\" data-id=\"62e9e97b\" data-element_type=\"container\" data-settings=\"{&quot;background_background&quot;:&quot;classic&quot;}\">\n\t\t\t\t\t<div class=\"e-con-inner\">\n\t\t<div data-particle_enable=\"false\" data-particle-mobile-disabled=\"false\" class=\"elementor-element elementor-element-5860be10 e-flex e-con-boxed e-con e-child\" data-id=\"5860be10\" data-element_type=\"container\">\n\t\t\t\t\t<div class=\"e-con-inner\">\n\t\t\t\t<div class=\"elementor-element elementor-element-15c86789 elementor-widget elementor-widget-heading\" data-id=\"15c86789\" data-element_type=\"widget\" data-widget_type=\"heading.default\">\n\t\t\t\t<div class=\"elementor-widget-container\">\n\t\t\t\t\t<h2 class=\"elementor-heading-title elementor-size-default\">Nahtlose Verwaltung der Credential\nLebenszyklen in der Cloud.<\/h2>\t\t\t\t<\/div>\n\t\t\t\t<\/div>\n\t\t\t\t\t<\/div>\n\t\t\t\t<\/div>\n\t\t<div data-particle_enable=\"false\" data-particle-mobile-disabled=\"false\" class=\"elementor-element elementor-element-710e537d e-flex e-con-boxed e-con e-child\" data-id=\"710e537d\" data-element_type=\"container\">\n\t\t\t\t\t<div class=\"e-con-inner\">\n\t\t\t\t<div class=\"elementor-element elementor-element-6b97bd07 elementor-widget elementor-widget-text-editor\" data-id=\"6b97bd07\" data-element_type=\"widget\" data-widget_type=\"text-editor.default\">\n\t\t\t\t<div class=\"elementor-widget-container\">\n\t\t\t\t\t\t\t\t\tWir bieten Ihrem Sicherheitsteam einen nahtlosen, softwarebasierten Ansatz zur Verwaltung des gesamten Lebenszyklus von Berechtigungsnachweisen \u00fcber eine einzige Cloud-Plattform. Administratoren k\u00f6nnen Berechtigungsnachweise \u00fcber eine automatische Verbindung zu Ihrem physischen Zugangskontrollsystem sofort und in gro\u00dfem Umfang aktivieren und deaktivieren.\t\t\t\t\t\t\t\t<\/div>\n\t\t\t\t<\/div>\n\t\t\t\t<div class=\"elementor-element elementor-element-2b75cb3 elementor-widget elementor-widget-button\" data-id=\"2b75cb3\" data-element_type=\"widget\" data-widget_type=\"button.default\">\n\t\t\t\t<div class=\"elementor-widget-container\">\n\t\t\t\t\t\t\t\t\t<div class=\"elementor-button-wrapper\">\n\t\t\t\t\t<a class=\"elementor-button elementor-button-link elementor-size-sm\" href=\"https:\/\/www.youtube.com\/watch?v=7--BcR-051o\" target=\"_blank\">\n\t\t\t\t\t\t<span class=\"elementor-button-content-wrapper\">\n\t\t\t\t\t\t\t\t\t<span class=\"elementor-button-text\">Sehen Sie es in Aktion<\/span>\n\t\t\t\t\t<\/span>\n\t\t\t\t\t<\/a>\n\t\t\t\t<\/div>\n\t\t\t\t\t\t\t\t<\/div>\n\t\t\t\t<\/div>\n\t\t\t\t\t<\/div>\n\t\t\t\t<\/div>\n\t\t\t\t\t<\/div>\n\t\t\t\t<\/div>\n\t\t<div data-particle_enable=\"false\" data-particle-mobile-disabled=\"false\" class=\"elementor-element elementor-element-517ad511 e-grid e-con-boxed e-con e-parent\" data-id=\"517ad511\" data-element_type=\"container\" data-settings=\"{&quot;background_background&quot;:&quot;classic&quot;}\">\n\t\t\t\t\t<div class=\"e-con-inner\">\n\t\t<div data-particle_enable=\"false\" data-particle-mobile-disabled=\"false\" class=\"elementor-element elementor-element-48f2d864 e-flex e-con-boxed e-con e-child\" data-id=\"48f2d864\" data-element_type=\"container\">\n\t\t\t\t\t<div class=\"e-con-inner\">\n\t\t\t\t<div class=\"elementor-element elementor-element-53e7f551 elementor-widget elementor-widget-heading\" data-id=\"53e7f551\" data-element_type=\"widget\" data-widget_type=\"heading.default\">\n\t\t\t\t<div class=\"elementor-widget-container\">\n\t\t\t\t\t<h2 class=\"elementor-heading-title elementor-size-default\">St\u00e4rkung von Sicherheit und Effizienz durch innovative L\u00f6sungen.<\/h2>\t\t\t\t<\/div>\n\t\t\t\t<\/div>\n\t\t\t\t\t<\/div>\n\t\t\t\t<\/div>\n\t\t<div data-particle_enable=\"false\" data-particle-mobile-disabled=\"false\" class=\"elementor-element elementor-element-4664a30d e-flex e-con-boxed e-con e-child\" data-id=\"4664a30d\" data-element_type=\"container\">\n\t\t\t\t\t<div class=\"e-con-inner\">\n\t\t\t\t<div class=\"elementor-element elementor-element-6cdefd91 elementor-widget elementor-widget-text-editor\" data-id=\"6cdefd91\" data-element_type=\"widget\" data-widget_type=\"text-editor.default\">\n\t\t\t\t<div class=\"elementor-widget-container\">\n\t\t\t\t\t\t\t\t\t<p>Die Partnerschaft von Alert Enterprise mit Safetrust bietet einen einzigartigen Ansatz f\u00fcr<br \/>Zugangskontrolll\u00f6sungen. Das offene Datenmodell von Safetrust sorgt f\u00fcr nahtlose Interoperabilit\u00e4t und erm\u00f6glicht den Kunden unabh\u00e4ngige Verschl\u00fcsselungsschl\u00fcssel<br \/>Kontrolle, Verbesserung der Sicherheit und Erm\u00f6glichung einer soliden Rechnungspr\u00fcfung.<\/p><p>Im Gegensatz zu anderen L\u00f6sungen bietet Safetrust Kompatibilit\u00e4t mit mehreren Anbietern, wodurch die<br \/>Einsatzkosten und bietet gleichzeitig Flexibilit\u00e4t bei der Auswahl der Leseger\u00e4te. Ihr mobiles<br \/>Zugangsl\u00f6sungen, einschlie\u00dflich NFC-Ausweisen und BLE, erf\u00fcllen die unterschiedlichsten Anforderungen,<br \/>w\u00e4hrend ein rationalisiertes Ausweisverwaltungssystem die Verwaltung vereinfacht<br \/>Aufgaben und erh\u00f6ht gleichzeitig die Sicherheit und die betriebliche Effizienz.<\/p>\t\t\t\t\t\t\t\t<\/div>\n\t\t\t\t<\/div>\n\t\t\t\t\t<\/div>\n\t\t\t\t<\/div>\n\t\t\t\t\t<\/div>\n\t\t\t\t<\/div>\n\t\t<div data-particle_enable=\"false\" data-particle-mobile-disabled=\"false\" class=\"elementor-element elementor-element-6835255a e-grid e-con-boxed e-con e-parent\" data-id=\"6835255a\" data-element_type=\"container\" data-settings=\"{&quot;background_background&quot;:&quot;classic&quot;}\">\n\t\t\t\t\t<div class=\"e-con-inner\">\n\t\t<div data-particle_enable=\"false\" data-particle-mobile-disabled=\"false\" class=\"elementor-element elementor-element-2cc52429 e-flex e-con-boxed e-con e-child\" data-id=\"2cc52429\" data-element_type=\"container\" data-settings=\"{&quot;background_background&quot;:&quot;classic&quot;}\">\n\t\t\t\t\t<div class=\"e-con-inner\">\n\t\t\t\t<div class=\"elementor-element elementor-element-18dc9b73 elementor-widget elementor-widget-heading\" data-id=\"18dc9b73\" data-element_type=\"widget\" data-widget_type=\"heading.default\">\n\t\t\t\t<div class=\"elementor-widget-container\">\n\t\t\t\t\t<h2 class=\"elementor-heading-title elementor-size-default\">Safetrust + Guardian\nIntegration bietet...<\/h2>\t\t\t\t<\/div>\n\t\t\t\t<\/div>\n\t\t\t\t\t<\/div>\n\t\t\t\t<\/div>\n\t\t<div data-particle_enable=\"false\" data-particle-mobile-disabled=\"false\" class=\"elementor-element elementor-element-5ec26d5a e-flex e-con-boxed e-con e-child\" data-id=\"5ec26d5a\" data-element_type=\"container\">\n\t\t\t\t\t<div class=\"e-con-inner\">\n\t\t\t\t<div class=\"elementor-element elementor-element-6ef70698 elementor-widget elementor-widget-text-editor\" data-id=\"6ef70698\" data-element_type=\"widget\" data-widget_type=\"text-editor.default\">\n\t\t\t\t<div class=\"elementor-widget-container\">\n\t\t\t\t\t\t\t\t\t<ul><li>Volle Unterst\u00fctzung f\u00fcr Safetrust-Leser<\/li><li>Vollst\u00e4ndige Automatisierung mit rollenbasiertem Zugriff<\/li><li>Zugangsmanagement und Audit f\u00fcr Zeitarbeiter<\/li><li>Selbstbedienungsportal f\u00fcr Endnutzer<\/li><li>Konfigurierbare Workflows f\u00fcr den Zugriff auf kritische Standorte\u00a0<\/li><li>Automatisierte Zugangspr\u00fcfung und Rezertifizierung<\/li><li>KI-gest\u00fctzte Anomalieerkennung und Berichterstattung f\u00fcr NFC-Ausweise<\/li><li>Sofortige Integration mit mehreren physischen Zugangskontrollsystemen<\/li><\/ul>\t\t\t\t\t\t\t\t<\/div>\n\t\t\t\t<\/div>\n\t\t\t\t\t<\/div>\n\t\t\t\t<\/div>\n\t\t\t\t\t<\/div>\n\t\t\t\t<\/div>\n\t\t<div data-particle_enable=\"false\" data-particle-mobile-disabled=\"false\" class=\"elementor-element elementor-element-1343ff4b e-flex e-con-boxed e-con e-parent\" data-id=\"1343ff4b\" data-element_type=\"container\">\n\t\t\t\t\t<div class=\"e-con-inner\">\n\t\t<div data-particle_enable=\"false\" data-particle-mobile-disabled=\"false\" data-dce-background-image-url=\"https:\/\/de.alertenterprise.com\/wp-content\/uploads\/sites\/4\/2024\/02\/gradient-background-cta.jpg\" class=\"elementor-element elementor-element-5174372c e-flex e-con-boxed e-con e-child\" data-id=\"5174372c\" data-element_type=\"container\" data-settings=\"{&quot;background_background&quot;:&quot;classic&quot;}\">\n\t\t\t\t\t<div class=\"e-con-inner\">\n\t\t<div data-particle_enable=\"false\" data-particle-mobile-disabled=\"false\" class=\"elementor-element elementor-element-2a218108 e-grid e-con-boxed e-con e-child\" data-id=\"2a218108\" data-element_type=\"container\">\n\t\t\t\t\t<div class=\"e-con-inner\">\n\t\t\t\t<div class=\"elementor-element elementor-element-3c8353a6 dce_masking-none elementor-widget elementor-widget-image\" data-id=\"3c8353a6\" data-element_type=\"widget\" data-widget_type=\"image.default\">\n\t\t\t\t<div class=\"elementor-widget-container\">\n\t\t\t\t\t\t\t\t\t\t\t\t\t\t\t<img fetchpriority=\"high\" decoding=\"async\" width=\"1013\" height=\"599\" src=\"https:\/\/de.alertenterprise.com\/wp-content\/uploads\/sites\/4\/2024\/04\/banner-imgV2.png\" class=\"attachment-full size-full wp-image-9925\" alt=\"\" srcset=\"https:\/\/de.alertenterprise.com\/wp-content\/uploads\/sites\/4\/2024\/04\/banner-imgV2.png 1013w, https:\/\/de.alertenterprise.com\/wp-content\/uploads\/sites\/4\/2024\/04\/banner-imgV2-300x177.png 300w, https:\/\/de.alertenterprise.com\/wp-content\/uploads\/sites\/4\/2024\/04\/banner-imgV2-768x454.png 768w, https:\/\/de.alertenterprise.com\/wp-content\/uploads\/sites\/4\/2024\/04\/banner-imgV2-18x12.png 18w\" sizes=\"(max-width: 1013px) 100vw, 1013px\" \/>\t\t\t\t\t\t\t\t\t\t\t\t\t\t\t<\/div>\n\t\t\t\t<\/div>\n\t\t<div data-particle_enable=\"false\" data-particle-mobile-disabled=\"false\" class=\"elementor-element elementor-element-18a266ae e-flex e-con-boxed e-con e-child\" data-id=\"18a266ae\" data-element_type=\"container\">\n\t\t\t\t\t<div class=\"e-con-inner\">\n\t\t\t\t<div class=\"elementor-element elementor-element-17d41435 elementor-widget elementor-widget-heading\" data-id=\"17d41435\" data-element_type=\"widget\" data-widget_type=\"heading.default\">\n\t\t\t\t<div class=\"elementor-widget-container\">\n\t\t\t\t\t<h2 class=\"elementor-heading-title elementor-size-default\">T\u00fcren \u00f6ffnen mit NFC Wallet\nMobile Berechtigungsnachweise<\/h2>\t\t\t\t<\/div>\n\t\t\t\t<\/div>\n\t\t\t\t<div class=\"elementor-element elementor-element-4c81a4f9 elementor-widget elementor-widget-text-editor\" data-id=\"4c81a4f9\" data-element_type=\"widget\" data-widget_type=\"text-editor.default\">\n\t\t\t\t<div class=\"elementor-widget-container\">\n\t\t\t\t\t\t\t\t\tEntdecken Sie, wie NFC Wallet Mobile Credentials die Zugangskontrolle in Ihrem Unternehmen optimieren k\u00f6nnen. Sind Sie bereit?\t\t\t\t\t\t\t\t<\/div>\n\t\t\t\t<\/div>\n\t\t\t\t<div class=\"elementor-element elementor-element-45afbdb6 elementor-widget elementor-widget-button\" data-id=\"45afbdb6\" data-element_type=\"widget\" data-widget_type=\"button.default\">\n\t\t\t\t<div class=\"elementor-widget-container\">\n\t\t\t\t\t\t\t\t\t<div class=\"elementor-button-wrapper\">\n\t\t\t\t\t<a class=\"elementor-button elementor-button-link elementor-size-sm\" href=\"\/de\/contact\/\">\n\t\t\t\t\t\t<span class=\"elementor-button-content-wrapper\">\n\t\t\t\t\t\t\t\t\t<span class=\"elementor-button-text\">Demo buchen<\/span>\n\t\t\t\t\t<\/span>\n\t\t\t\t\t<\/a>\n\t\t\t\t<\/div>\n\t\t\t\t\t\t\t\t<\/div>\n\t\t\t\t<\/div>\n\t\t\t\t\t<\/div>\n\t\t\t\t<\/div>\n\t\t\t\t\t<\/div>\n\t\t\t\t<\/div>\n\t\t\t\t\t<\/div>\n\t\t\t\t<\/div>\n\t\t\t\t\t<\/div>\n\t\t\t\t<\/div>\n\t\t\t\t<\/div>","protected":false},"excerpt":{"rendered":"<p>Der Einsatz von Mitarbeiterausweisen war noch nie so einfach. Unsere nahtlose Integration in Apple und Google Wallet macht den Einsatz von Mitarbeiterausweisen so einfach wie nie zuvor. Das Hinzuf\u00fcgen Ihres Ausweises zur Brieftasche Ihrer Wahl ist ganz einfach und erm\u00f6glicht Benutzern den Zugang zu T\u00fcren, sicheren Drucken, Verkaufsautomaten und anderen Einrichtungen. Lesen Sie mehr Nahtloses Verwalten von Ausweis-Lebenszyklen in der Cloud. Wir [...]<\/p>","protected":false},"author":11,"featured_media":9922,"parent":1024,"menu_order":0,"comment_status":"closed","ping_status":"closed","template":"","meta":{"_acf_changed":false,"footnotes":""},"class_list":["post-9916","page","type-page","status-publish","has-post-thumbnail","hentry"],"acf":[],"yoast_head":"<!-- This site is optimized with the Yoast SEO plugin v26.9 - https:\/\/yoast.com\/product\/yoast-seo-wordpress\/ -->\n<title>Safetrust - AlertEnterpise-de<\/title>\n<meta name=\"robots\" content=\"index, follow, max-snippet:-1, max-image-preview:large, max-video-preview:-1\" \/>\n<link rel=\"canonical\" href=\"https:\/\/de.alertenterprise.com\/de\/partners\/safetrust\/\" \/>\n<meta property=\"og:locale\" content=\"de_DE\" \/>\n<meta property=\"og:type\" content=\"article\" \/>\n<meta property=\"og:title\" content=\"Safetrust - AlertEnterpise-de\" \/>\n<meta property=\"og:description\" content=\"Deploying Employee Badges Has Never Been Easier. Our seamless integration into Apple and Google Wallet makes deploying employee badges easier than ever before. Adding your badge to your wallet of choice is simple, allowing users to access doors, secure prints, vending machines, and other facilities. Read more Seamlessly Manage Credential Lifecycles in the Cloud. We [&hellip;]\" \/>\n<meta property=\"og:url\" content=\"https:\/\/de.alertenterprise.com\/de\/partners\/safetrust\/\" \/>\n<meta property=\"og:site_name\" content=\"AlertEnterpise-de\" \/>\n<meta property=\"article:modified_time\" content=\"2025-01-13T12:34:00+00:00\" \/>\n<meta property=\"og:image\" content=\"https:\/\/de.alertenterprise.com\/wp-content\/uploads\/sites\/4\/2024\/04\/Safetrust_MainImg.png\" \/>\n\t<meta property=\"og:image:width\" content=\"962\" \/>\n\t<meta property=\"og:image:height\" content=\"946\" \/>\n\t<meta property=\"og:image:type\" content=\"image\/png\" \/>\n<meta name=\"twitter:card\" content=\"summary_large_image\" \/>\n<meta name=\"twitter:label1\" content=\"Gesch\u00e4tzte Lesezeit\" \/>\n\t<meta name=\"twitter:data1\" content=\"2\u00a0Minuten\" \/>\n<script type=\"application\/ld+json\" class=\"yoast-schema-graph\">{\"@context\":\"https:\/\/schema.org\",\"@graph\":[{\"@type\":\"WebPage\",\"@id\":\"https:\/\/de.alertenterprise.com\/en\/partners\/safetrust\/\",\"url\":\"https:\/\/de.alertenterprise.com\/en\/partners\/safetrust\/\",\"name\":\"Safetrust - AlertEnterpise-de\",\"isPartOf\":{\"@id\":\"https:\/\/de.alertenterprise.com\/de\/#website\"},\"primaryImageOfPage\":{\"@id\":\"https:\/\/de.alertenterprise.com\/en\/partners\/safetrust\/#primaryimage\"},\"image\":{\"@id\":\"https:\/\/de.alertenterprise.com\/en\/partners\/safetrust\/#primaryimage\"},\"thumbnailUrl\":\"https:\/\/de.alertenterprise.com\/wp-content\/uploads\/sites\/4\/2024\/04\/Safetrust_MainImg.png\",\"datePublished\":\"2024-04-16T15:44:00+00:00\",\"dateModified\":\"2025-01-13T12:34:00+00:00\",\"breadcrumb\":{\"@id\":\"https:\/\/de.alertenterprise.com\/en\/partners\/safetrust\/#breadcrumb\"},\"inLanguage\":\"de\",\"potentialAction\":[{\"@type\":\"ReadAction\",\"target\":[\"https:\/\/de.alertenterprise.com\/en\/partners\/safetrust\/\"]}]},{\"@type\":\"ImageObject\",\"inLanguage\":\"de\",\"@id\":\"https:\/\/de.alertenterprise.com\/en\/partners\/safetrust\/#primaryimage\",\"url\":\"https:\/\/de.alertenterprise.com\/wp-content\/uploads\/sites\/4\/2024\/04\/Safetrust_MainImg.png\",\"contentUrl\":\"https:\/\/de.alertenterprise.com\/wp-content\/uploads\/sites\/4\/2024\/04\/Safetrust_MainImg.png\",\"width\":962,\"height\":946},{\"@type\":\"BreadcrumbList\",\"@id\":\"https:\/\/de.alertenterprise.com\/en\/partners\/safetrust\/#breadcrumb\",\"itemListElement\":[{\"@type\":\"ListItem\",\"position\":1,\"name\":\"Home\",\"item\":\"https:\/\/de.alertenterprise.com\/de\/\"},{\"@type\":\"ListItem\",\"position\":2,\"name\":\"Partner\",\"item\":\"https:\/\/de.alertenterprise.com\/en\/partners\/\"},{\"@type\":\"ListItem\",\"position\":3,\"name\":\"Safetrust\"}]},{\"@type\":\"WebSite\",\"@id\":\"https:\/\/de.alertenterprise.com\/de\/#website\",\"url\":\"https:\/\/de.alertenterprise.com\/de\/\",\"name\":\"AlertEnterpise-de\",\"description\":\"\",\"publisher\":{\"@id\":\"https:\/\/de.alertenterprise.com\/de\/#organization\"},\"potentialAction\":[{\"@type\":\"SearchAction\",\"target\":{\"@type\":\"EntryPoint\",\"urlTemplate\":\"https:\/\/de.alertenterprise.com\/de\/?s={search_term_string}\"},\"query-input\":{\"@type\":\"PropertyValueSpecification\",\"valueRequired\":true,\"valueName\":\"search_term_string\"}}],\"inLanguage\":\"de\"},{\"@type\":\"Organization\",\"@id\":\"https:\/\/de.alertenterprise.com\/de\/#organization\",\"name\":\"AlertEnterpise-de\",\"url\":\"https:\/\/de.alertenterprise.com\/de\/\",\"logo\":{\"@type\":\"ImageObject\",\"inLanguage\":\"de\",\"@id\":\"https:\/\/de.alertenterprise.com\/de\/#\/schema\/logo\/image\/\",\"url\":\"https:\/\/de.alertenterprise.com\/wp-content\/uploads\/sites\/4\/2023\/09\/Black.svg\",\"contentUrl\":\"https:\/\/de.alertenterprise.com\/wp-content\/uploads\/sites\/4\/2023\/09\/Black.svg\",\"width\":467,\"height\":72,\"caption\":\"AlertEnterpise-de\"},\"image\":{\"@id\":\"https:\/\/de.alertenterprise.com\/de\/#\/schema\/logo\/image\/\"}}]}<\/script>\n<!-- \/ Yoast SEO plugin. -->","yoast_head_json":{"title":"Safetrust - AlertEnterpise-de","robots":{"index":"index","follow":"follow","max-snippet":"max-snippet:-1","max-image-preview":"max-image-preview:large","max-video-preview":"max-video-preview:-1"},"canonical":"https:\/\/de.alertenterprise.com\/de\/partners\/safetrust\/","og_locale":"de_DE","og_type":"article","og_title":"Safetrust - AlertEnterpise-de","og_description":"Deploying Employee Badges Has Never Been Easier. Our seamless integration into Apple and Google Wallet makes deploying employee badges easier than ever before. Adding your badge to your wallet of choice is simple, allowing users to access doors, secure prints, vending machines, and other facilities. Read more Seamlessly Manage Credential Lifecycles in the Cloud. We [&hellip;]","og_url":"https:\/\/de.alertenterprise.com\/de\/partners\/safetrust\/","og_site_name":"AlertEnterpise-de","article_modified_time":"2025-01-13T12:34:00+00:00","og_image":[{"width":962,"height":946,"url":"https:\/\/de.alertenterprise.com\/wp-content\/uploads\/sites\/4\/2024\/04\/Safetrust_MainImg.png","type":"image\/png"}],"twitter_card":"summary_large_image","twitter_misc":{"Gesch\u00e4tzte Lesezeit":"2\u00a0Minuten"},"schema":{"@context":"https:\/\/schema.org","@graph":[{"@type":"WebPage","@id":"https:\/\/de.alertenterprise.com\/en\/partners\/safetrust\/","url":"https:\/\/de.alertenterprise.com\/en\/partners\/safetrust\/","name":"Safetrust - AlertEnterpise-de","isPartOf":{"@id":"https:\/\/de.alertenterprise.com\/de\/#website"},"primaryImageOfPage":{"@id":"https:\/\/de.alertenterprise.com\/en\/partners\/safetrust\/#primaryimage"},"image":{"@id":"https:\/\/de.alertenterprise.com\/en\/partners\/safetrust\/#primaryimage"},"thumbnailUrl":"https:\/\/de.alertenterprise.com\/wp-content\/uploads\/sites\/4\/2024\/04\/Safetrust_MainImg.png","datePublished":"2024-04-16T15:44:00+00:00","dateModified":"2025-01-13T12:34:00+00:00","breadcrumb":{"@id":"https:\/\/de.alertenterprise.com\/en\/partners\/safetrust\/#breadcrumb"},"inLanguage":"de","potentialAction":[{"@type":"ReadAction","target":["https:\/\/de.alertenterprise.com\/en\/partners\/safetrust\/"]}]},{"@type":"ImageObject","inLanguage":"de","@id":"https:\/\/de.alertenterprise.com\/en\/partners\/safetrust\/#primaryimage","url":"https:\/\/de.alertenterprise.com\/wp-content\/uploads\/sites\/4\/2024\/04\/Safetrust_MainImg.png","contentUrl":"https:\/\/de.alertenterprise.com\/wp-content\/uploads\/sites\/4\/2024\/04\/Safetrust_MainImg.png","width":962,"height":946},{"@type":"BreadcrumbList","@id":"https:\/\/de.alertenterprise.com\/en\/partners\/safetrust\/#breadcrumb","itemListElement":[{"@type":"ListItem","position":1,"name":"Home","item":"https:\/\/de.alertenterprise.com\/de\/"},{"@type":"ListItem","position":2,"name":"Partner","item":"https:\/\/de.alertenterprise.com\/en\/partners\/"},{"@type":"ListItem","position":3,"name":"Safetrust"}]},{"@type":"WebSite","@id":"https:\/\/de.alertenterprise.com\/de\/#website","url":"https:\/\/de.alertenterprise.com\/de\/","name":"AlertEnterpise-de","description":"","publisher":{"@id":"https:\/\/de.alertenterprise.com\/de\/#organization"},"potentialAction":[{"@type":"SearchAction","target":{"@type":"EntryPoint","urlTemplate":"https:\/\/de.alertenterprise.com\/de\/?s={search_term_string}"},"query-input":{"@type":"PropertyValueSpecification","valueRequired":true,"valueName":"search_term_string"}}],"inLanguage":"de"},{"@type":"Organization","@id":"https:\/\/de.alertenterprise.com\/de\/#organization","name":"AlertEnterpise-de","url":"https:\/\/de.alertenterprise.com\/de\/","logo":{"@type":"ImageObject","inLanguage":"de","@id":"https:\/\/de.alertenterprise.com\/de\/#\/schema\/logo\/image\/","url":"https:\/\/de.alertenterprise.com\/wp-content\/uploads\/sites\/4\/2023\/09\/Black.svg","contentUrl":"https:\/\/de.alertenterprise.com\/wp-content\/uploads\/sites\/4\/2023\/09\/Black.svg","width":467,"height":72,"caption":"AlertEnterpise-de"},"image":{"@id":"https:\/\/de.alertenterprise.com\/de\/#\/schema\/logo\/image\/"}}]}},"_links":{"self":[{"href":"https:\/\/de.alertenterprise.com\/de\/wp-json\/wp\/v2\/pages\/9916","targetHints":{"allow":["GET"]}}],"collection":[{"href":"https:\/\/de.alertenterprise.com\/de\/wp-json\/wp\/v2\/pages"}],"about":[{"href":"https:\/\/de.alertenterprise.com\/de\/wp-json\/wp\/v2\/types\/page"}],"author":[{"embeddable":true,"href":"https:\/\/de.alertenterprise.com\/de\/wp-json\/wp\/v2\/users\/11"}],"replies":[{"embeddable":true,"href":"https:\/\/de.alertenterprise.com\/de\/wp-json\/wp\/v2\/comments?post=9916"}],"version-history":[{"count":5,"href":"https:\/\/de.alertenterprise.com\/de\/wp-json\/wp\/v2\/pages\/9916\/revisions"}],"predecessor-version":[{"id":9949,"href":"https:\/\/de.alertenterprise.com\/de\/wp-json\/wp\/v2\/pages\/9916\/revisions\/9949"}],"up":[{"embeddable":true,"href":"https:\/\/de.alertenterprise.com\/de\/wp-json\/wp\/v2\/pages\/1024"}],"wp:featuredmedia":[{"embeddable":true,"href":"https:\/\/de.alertenterprise.com\/de\/wp-json\/wp\/v2\/media\/9922"}],"wp:attachment":[{"href":"https:\/\/de.alertenterprise.com\/de\/wp-json\/wp\/v2\/media?parent=9916"}],"curies":[{"name":"wp","href":"https:\/\/api.w.org\/{rel}","templated":true}]}}